{"id":346,"date":"2024-07-12T02:10:39","date_gmt":"2024-07-12T09:10:39","guid":{"rendered":"https:\/\/novacliniccare.com\/cancel-appointment\/"},"modified":"2024-07-12T02:41:23","modified_gmt":"2024-07-12T09:41:23","slug":"cancel-appointment","status":"publish","type":"page","link":"https:\/\/novacliniccare.com\/es\/cancel-appointment\/","title":{"rendered":"Cita cancelada"},"content":{"rendered":"<div class=\"bpa-front-cancel-module-container\">\n<div class=\"bpa-front-cmc__title\">Sentimos que hayas solicitado la cancelaci\u00f3n de la cita.<\/div>\n<div class=\"bpa-front-cmc__desc\">Hemos enviado un aviso por correo electr\u00f3nico para cancelar la cita. Haz clic en el bot\u00f3n que hay dentro para cancelar la cita.<\/div>\n<\/p><\/div>","protected":false},"excerpt":{"rendered":"<p>Sentimos que hayas solicitado la cancelaci\u00f3n de la cita. Hemos enviado un aviso por correo electr\u00f3nico para cancelar la cita. Haz clic en el bot\u00f3n que hay dentro para cancelar la cita.<\/p>","protected":false},"author":1,"featured_media":0,"parent":0,"menu_order":0,"comment_status":"closed","ping_status":"closed","template":"","meta":{"content-type":"","_joinchat":[],"footnotes":""},"class_list":["post-346","page","type-page","status-publish","hentry"],"_links":{"self":[{"href":"https:\/\/novacliniccare.com\/es\/wp-json\/wp\/v2\/pages\/346","targetHints":{"allow":["GET"]}}],"collection":[{"href":"https:\/\/novacliniccare.com\/es\/wp-json\/wp\/v2\/pages"}],"about":[{"href":"https:\/\/novacliniccare.com\/es\/wp-json\/wp\/v2\/types\/page"}],"author":[{"embeddable":true,"href":"https:\/\/novacliniccare.com\/es\/wp-json\/wp\/v2\/users\/1"}],"replies":[{"embeddable":true,"href":"https:\/\/novacliniccare.com\/es\/wp-json\/wp\/v2\/comments?post=346"}],"version-history":[{"count":1,"href":"https:\/\/novacliniccare.com\/es\/wp-json\/wp\/v2\/pages\/346\/revisions"}],"predecessor-version":[{"id":366,"href":"https:\/\/novacliniccare.com\/es\/wp-json\/wp\/v2\/pages\/346\/revisions\/366"}],"wp:attachment":[{"href":"https:\/\/novacliniccare.com\/es\/wp-json\/wp\/v2\/media?parent=346"}],"curies":[{"name":"wp","href":"https:\/\/api.w.org\/{rel}","templated":true}]}}