{"id":452,"date":"2024-07-25T11:49:37","date_gmt":"2024-07-25T18:49:37","guid":{"rendered":"https:\/\/novacliniccare.com\/?page_id=452"},"modified":"2024-08-07T17:53:26","modified_gmt":"2024-08-08T00:53:26","slug":"privacy-policy","status":"publish","type":"page","link":"https:\/\/novacliniccare.com\/es\/privacy-policy\/","title":{"rendered":"privacy policy"},"content":{"rendered":"<div data-elementor-type=\"wp-page\" data-elementor-id=\"452\" class=\"elementor elementor-452\" data-elementor-post-type=\"page\">\n\t\t\t\t<div class=\"elementor-element elementor-element-445c18c e-flex e-con-boxed e-con e-parent\" data-id=\"445c18c\" data-element_type=\"container\" data-settings=\"{&quot;background_background&quot;:&quot;gradient&quot;}\">\n\t\t\t\t\t<div class=\"e-con-inner\">\n\t\t<div class=\"elementor-element elementor-element-beebefe e-con-full e-flex e-con e-child\" data-id=\"beebefe\" data-element_type=\"container\" data-settings=\"{&quot;background_background&quot;:&quot;classic&quot;}\">\n\t\t\t\t<div class=\"elementor-element elementor-element-959fe4d elementor-widget elementor-widget-text-editor\" data-id=\"959fe4d\" data-element_type=\"widget\" data-widget_type=\"text-editor.default\">\n\t\t\t\t<div class=\"elementor-widget-container\">\n\t\t\t\t\t\t\t\t\t<div class=\"flex flex-grow flex-col max-w-full\"><div class=\"min-h-[20px] text-message flex w-full flex-col items-end gap-2 whitespace-pre-wrap break-words [.text-message+&amp;]:mt-5 overflow-x-auto\" dir=\"auto\" data-message-author-role=\"assistant\" data-message-id=\"fb85138c-1b47-40c1-8858-97c4f4156847\"><div class=\"flex w-full flex-col gap-1 empty:hidden first:pt-[3px]\"><div class=\"markdown prose w-full break-words dark:prose-invert light\"><h1 style=\"text-align: center;\"><strong>Pol\u00edtica de privacidad de Nova Clinic &amp; Care<\/strong><\/h1><p>\u00a0<\/p><h4>Introducci\u00f3n<\/h4><p>Nova Clinic &amp; Care (\"nosotros\", \"nuestro\", \"nos\") se compromete a proteger su privacidad. Esta Pol\u00edtica de Privacidad explica c\u00f3mo recopilamos, utilizamos, divulgamos y protegemos su informaci\u00f3n cuando visita nuestro sitio web. Le rogamos que lea atentamente esta pol\u00edtica. Si no est\u00e1 de acuerdo con los t\u00e9rminos de esta Pol\u00edtica de Privacidad, por favor no acceda al sitio.<\/p><h4>1. Informaci\u00f3n que recopilamos<\/h4><p>Podemos recopilar informaci\u00f3n sobre usted de diversas formas, entre ellas:<\/p><p><strong>Datos personales<\/strong><br \/>Informaci\u00f3n personal identificable, como su nombre, direcci\u00f3n de env\u00edo, direcci\u00f3n de correo electr\u00f3nico y n\u00famero de tel\u00e9fono, e informaci\u00f3n demogr\u00e1fica, como su edad, sexo, ciudad de origen e intereses, que usted nos facilita voluntariamente cuando se registra en el sitio o cuando decide participar en diversas actividades relacionadas con el mismo.<\/p><p><strong>Datos derivados<\/strong><br \/>Informaci\u00f3n que nuestros servidores recogen autom\u00e1ticamente cuando usted accede al sitio, como su direcci\u00f3n IP, su tipo de navegador, su sistema operativo, sus horas de acceso y las p\u00e1ginas que ha visto directamente antes y despu\u00e9s de acceder al sitio.<\/p><p><strong>Datos financieros<\/strong><br \/>Informaci\u00f3n financiera, como datos relacionados con su m\u00e9todo de pago (por ejemplo, n\u00famero de tarjeta de cr\u00e9dito v\u00e1lida, marca de la tarjeta, fecha de caducidad) que podemos recopilar cuando usted compra, encarga, devuelve, cambia o solicita informaci\u00f3n sobre nuestros servicios en el sitio.<\/p><p><strong>Datos sanitarios<\/strong><br \/>Podemos recopilar informaci\u00f3n sanitaria, como historial m\u00e9dico, s\u00edntomas, diagn\u00f3sticos, informaci\u00f3n sobre tratamientos y otros datos relacionados con la salud que usted nos proporcione con el fin de recibir servicios sanitarios.<\/p><h4>2. Uso de su informaci\u00f3n<\/h4><p>Utilizamos la informaci\u00f3n que recopilamos sobre usted o que usted nos proporciona, incluida cualquier informaci\u00f3n personal, para:<\/p><ul><li>Prestar y gestionar sus servicios sanitarios.<\/li><li>Procesar sus transacciones y facturaci\u00f3n.<\/li><li>Enviarle informaci\u00f3n administrativa, como actualizaciones y cambios en nuestras pol\u00edticas.<\/li><li>Mejorar nuestro sitio web y nuestros servicios.<\/li><li>Responder a sus consultas y prestar servicios de atenci\u00f3n al cliente.<\/li><li>Mantener la seguridad e integridad de nuestro sitio web.<\/li><li>Cumplir las obligaciones legales y reglamentarias.<\/li><\/ul><h4>3. Divulgaci\u00f3n de su informaci\u00f3n<\/h4><p>Podemos compartir la informaci\u00f3n que hemos recopilado sobre usted en determinadas situaciones:<\/p><p><strong>Por ley o para proteger derechos<\/strong><br \/>Si creemos que la divulgaci\u00f3n de informaci\u00f3n sobre usted es necesaria para responder a un proceso legal, para investigar o remediar posibles violaciones de nuestras pol\u00edticas, o para proteger los derechos, la propiedad y la seguridad de otros, podemos compartir su informaci\u00f3n seg\u00fan lo permita o exija cualquier ley, norma o reglamento aplicable.<\/p><p><strong>Terceros proveedores de servicios<\/strong><br \/>Podemos compartir su informaci\u00f3n con terceros que presten servicios para nosotros o en nuestro nombre, como procesamiento de pagos, an\u00e1lisis de datos, env\u00edo de correo electr\u00f3nico, servicios de alojamiento, atenci\u00f3n al cliente y asistencia en marketing.<\/p><p><strong>Transferencia de empresas<\/strong><br \/>Podemos compartir o transferir su informaci\u00f3n en relaci\u00f3n con, o durante las negociaciones de, cualquier fusi\u00f3n, venta de activos de la empresa, financiaci\u00f3n o adquisici\u00f3n de todo o parte de nuestro negocio a otra empresa.<\/p><p><strong>Con su consentimiento<\/strong><br \/>Podemos revelar su informaci\u00f3n personal para cualquier otro fin con su consentimiento.<\/p><h4>4. Seguridad de su informaci\u00f3n<\/h4><p>Utilizamos medidas de seguridad administrativas, t\u00e9cnicas y f\u00edsicas para ayudar a proteger su informaci\u00f3n personal. Aunque hemos tomado medidas razonables para asegurar la informaci\u00f3n personal que nos facilita, tenga en cuenta que, a pesar de nuestros esfuerzos, ninguna medida de seguridad es perfecta o impenetrable, y ning\u00fan m\u00e9todo de transmisi\u00f3n de datos puede garantizarse contra cualquier interceptaci\u00f3n u otro tipo de uso indebido.<\/p><h4>5. Sus derechos y opciones<\/h4><p>Dependiendo de su ubicaci\u00f3n, puede tener los siguientes derechos en relaci\u00f3n con su informaci\u00f3n personal:<\/p><ul><li><strong>Acceso y actualizaci\u00f3n:<\/strong> Puede revisar y modificar su informaci\u00f3n personal accediendo al sitio y visitando la p\u00e1gina de perfil de su cuenta.<\/li><li><strong>Exclusi\u00f3n voluntaria:<\/strong> Puede ponerse en contacto con nosotros para rechazar determinadas pr\u00e1cticas de recopilaci\u00f3n de datos o para solicitar que dejemos de utilizar su informaci\u00f3n personal para determinados fines.<\/li><li><strong>Portabilidad de datos:<\/strong> Puede solicitar una copia de su informaci\u00f3n personal en un formato estructurado, de uso com\u00fan y lectura mec\u00e1nica.<\/li><\/ul><h4>6. Privacidad de los ni\u00f1os<\/h4><p>Nuestro sitio web no est\u00e1 destinado a ni\u00f1os menores de 13 a\u00f1os. No recopilamos conscientemente informaci\u00f3n personal de ni\u00f1os menores de 13 a\u00f1os. Si nos enteramos de que hemos recopilado o recibido informaci\u00f3n personal de un ni\u00f1o menor de 13 a\u00f1os sin la verificaci\u00f3n del consentimiento paterno, eliminaremos dicha informaci\u00f3n.<\/p><h4>7. Cambios en esta pol\u00edtica de privacidad<\/h4><p>Podemos actualizar esta Pol\u00edtica de Privacidad de vez en cuando para reflejar cambios en nuestras pr\u00e1cticas o por otras razones operativas, legales o reglamentarias. Le notificaremos cualquier cambio publicando la nueva Pol\u00edtica de Privacidad en nuestro sitio web. Le aconsejamos que revise peri\u00f3dicamente esta Pol\u00edtica de Privacidad para comprobar si se han producido cambios.<\/p><h4>8. Contacto<\/h4><p>Si tiene alguna pregunta o duda sobre esta Pol\u00edtica de privacidad, p\u00f3ngase en contacto con nosotros en:<\/p><p><strong>Nova Clinic &amp; Care<\/strong><br \/>9722 SW 184th St <br \/>Cutler Bar, Fl 33157<br \/>novacosmetic9722@gmail.com<br \/>Tel\u00e9fono: 786-429-3312<\/p><\/div><\/div><\/div><\/div>\t\t\t\t\t\t\t\t<\/div>\n\t\t\t\t<\/div>\n\t\t\t\t<\/div>\n\t\t\t\t\t<\/div>\n\t\t\t\t<\/div>\n\t\t\t\t<\/div>","protected":false},"excerpt":{"rendered":"<p>Privacy Policy for Nova Clinic &amp; Care \u00a0 Introduction Nova Clinic &amp; Care (&#8220;we,&#8221; &#8220;our,&#8221; &#8220;us&#8221;) is committed to protecting your privacy. This Privacy Policy explains how we collect, use, disclose, and safeguard your information when you visit our website. Please read this policy carefully. If you do not agree with the terms of this [&hellip;]<\/p>","protected":false},"author":2,"featured_media":0,"parent":0,"menu_order":0,"comment_status":"closed","ping_status":"closed","template":"","meta":{"content-type":"","_joinchat":[],"footnotes":""},"class_list":["post-452","page","type-page","status-publish","hentry"],"_links":{"self":[{"href":"https:\/\/novacliniccare.com\/es\/wp-json\/wp\/v2\/pages\/452","targetHints":{"allow":["GET"]}}],"collection":[{"href":"https:\/\/novacliniccare.com\/es\/wp-json\/wp\/v2\/pages"}],"about":[{"href":"https:\/\/novacliniccare.com\/es\/wp-json\/wp\/v2\/types\/page"}],"author":[{"embeddable":true,"href":"https:\/\/novacliniccare.com\/es\/wp-json\/wp\/v2\/users\/2"}],"replies":[{"embeddable":true,"href":"https:\/\/novacliniccare.com\/es\/wp-json\/wp\/v2\/comments?post=452"}],"version-history":[{"count":7,"href":"https:\/\/novacliniccare.com\/es\/wp-json\/wp\/v2\/pages\/452\/revisions"}],"predecessor-version":[{"id":837,"href":"https:\/\/novacliniccare.com\/es\/wp-json\/wp\/v2\/pages\/452\/revisions\/837"}],"wp:attachment":[{"href":"https:\/\/novacliniccare.com\/es\/wp-json\/wp\/v2\/media?parent=452"}],"curies":[{"name":"wp","href":"https:\/\/api.w.org\/{rel}","templated":true}]}}