{"id":539,"date":"2024-08-06T05:52:05","date_gmt":"2024-08-06T12:52:05","guid":{"rendered":"https:\/\/novacliniccare.com\/?page_id=539"},"modified":"2025-05-30T14:19:28","modified_gmt":"2025-05-30T21:19:28","slug":"news","status":"publish","type":"page","link":"https:\/\/novacliniccare.com\/es\/news\/","title":{"rendered":"Noticias"},"content":{"rendered":"<div data-elementor-type=\"wp-page\" data-elementor-id=\"539\" class=\"elementor elementor-539\" data-elementor-post-type=\"page\">\n\t\t\t\t<div class=\"elementor-element elementor-element-2655a4d e-flex e-con-boxed e-con e-parent\" data-id=\"2655a4d\" data-element_type=\"container\">\n\t\t\t\t\t<div class=\"e-con-inner\">\n\t\t<div class=\"elementor-element elementor-element-d1c6521 e-con-full e-flex e-con e-child\" data-id=\"d1c6521\" data-element_type=\"container\">\n\t\t\t\t<div class=\"elementor-element elementor-element-5d77fe6 elementor-widget-divider--view-line elementor-widget elementor-widget-divider\" data-id=\"5d77fe6\" data-element_type=\"widget\" data-widget_type=\"divider.default\">\n\t\t\t\t<div class=\"elementor-widget-container\">\n\t\t\t\t\t\t\t<div class=\"elementor-divider\">\n\t\t\t<span class=\"elementor-divider-separator\">\n\t\t\t\t\t\t<\/span>\n\t\t<\/div>\n\t\t\t\t\t\t<\/div>\n\t\t\t\t<\/div>\n\t\t\t\t<div class=\"elementor-element elementor-element-8a59520 elementor-widget elementor-widget-heading\" data-id=\"8a59520\" data-element_type=\"widget\" data-widget_type=\"heading.default\">\n\t\t\t\t<div class=\"elementor-widget-container\">\n\t\t\t\t\t<h2 class=\"elementor-heading-title elementor-size-default\">Noticias<\/h2>\t\t\t\t<\/div>\n\t\t\t\t<\/div>\n\t\t\t\t<div class=\"elementor-element elementor-element-83b0f0a elementor-widget-divider--view-line elementor-widget elementor-widget-divider\" data-id=\"83b0f0a\" data-element_type=\"widget\" data-widget_type=\"divider.default\">\n\t\t\t\t<div class=\"elementor-widget-container\">\n\t\t\t\t\t\t\t<div class=\"elementor-divider\">\n\t\t\t<span class=\"elementor-divider-separator\">\n\t\t\t\t\t\t<\/span>\n\t\t<\/div>\n\t\t\t\t\t\t<\/div>\n\t\t\t\t<\/div>\n\t\t\t\t<\/div>\n\t\t\t\t<div class=\"elementor-element elementor-element-d4f53a6 elementor-hidden-desktop elementor-grid-3 elementor-grid-tablet-2 elementor-grid-mobile-1 elementor-posts--thumbnail-top elementor-card-shadow-yes elementor-posts__hover-gradient elementor-widget elementor-widget-posts\" data-id=\"d4f53a6\" data-element_type=\"widget\" data-settings=\"{&quot;cards_columns&quot;:&quot;3&quot;,&quot;cards_columns_tablet&quot;:&quot;2&quot;,&quot;cards_columns_mobile&quot;:&quot;1&quot;,&quot;cards_row_gap&quot;:{&quot;unit&quot;:&quot;px&quot;,&quot;size&quot;:35,&quot;sizes&quot;:[]},&quot;cards_row_gap_tablet&quot;:{&quot;unit&quot;:&quot;px&quot;,&quot;size&quot;:&quot;&quot;,&quot;sizes&quot;:[]},&quot;cards_row_gap_mobile&quot;:{&quot;unit&quot;:&quot;px&quot;,&quot;size&quot;:&quot;&quot;,&quot;sizes&quot;:[]}}\" data-widget_type=\"posts.cards\">\n\t\t\t\t<div class=\"elementor-widget-container\">\n\t\t\t\t\t\t\t<div class=\"elementor-posts-container elementor-posts elementor-posts--skin-cards elementor-grid\" role=\"list\">\n\t\t\t\t<article class=\"elementor-post elementor-grid-item post-3343 post type-post status-publish format-standard has-post-thumbnail hentry category-uncategorized\" role=\"listitem\">\n\t\t\t<div class=\"elementor-post__card\">\n\t\t\t\t<a class=\"elementor-post__thumbnail__link\" href=\"https:\/\/novacliniccare.com\/es\/2026\/05\/10\/what-type-of-mom-is-yours-and-what-would-truly-make-her-feel-good-%f0%9f%92%9a\/\" tabindex=\"-1\" ><div class=\"elementor-post__thumbnail\"><img fetchpriority=\"high\" decoding=\"async\" width=\"300\" height=\"186\" src=\"https:\/\/novacliniccare.com\/wp-content\/uploads\/2026\/05\/Blog-1-1-300x186.jpg\" class=\"attachment-medium size-medium wp-image-3344\" alt=\"\" srcset=\"https:\/\/novacliniccare.com\/wp-content\/uploads\/2026\/05\/Blog-1-1-300x186.jpg 300w, https:\/\/novacliniccare.com\/wp-content\/uploads\/2026\/05\/Blog-1-1-18x12.jpg 18w, https:\/\/novacliniccare.com\/wp-content\/uploads\/2026\/05\/Blog-1-1.jpg 580w\" sizes=\"(max-width: 300px) 100vw, 300px\" \/><\/div><\/a>\n\t\t\t\t<div class=\"elementor-post__badge\">Sin categor\u00eda<\/div>\n\t\t\t\t<div class=\"elementor-post__text\">\n\t\t\t\t<h3 class=\"elementor-post__title\">\n\t\t\t<a href=\"https:\/\/novacliniccare.com\/es\/2026\/05\/10\/what-type-of-mom-is-yours-and-what-would-truly-make-her-feel-good-%f0%9f%92%9a\/\" >\n\t\t\t\tQu\u00e9 tipo de mam\u00e1 es la tuya... y qu\u00e9 la har\u00eda sentir bien de verdad? \ud83d\udc9a\t\t\t<\/a>\n\t\t<\/h3>\n\t\t\n\t\t<a class=\"elementor-post__read-more\" href=\"https:\/\/novacliniccare.com\/es\/2026\/05\/10\/what-type-of-mom-is-yours-and-what-would-truly-make-her-feel-good-%f0%9f%92%9a\/\" aria-label=\"Read more about What type of mom is yours\u2026 and what would truly make her feel good? \ud83d\udc9a\" tabindex=\"-1\" >\n\t\t\tLeer M\u00e1s \"\t\t<\/a>\n\n\t\t\t\t<\/div>\n\t\t\t\t<div class=\"elementor-post__meta-data\">\n\t\t\t\t\t<span class=\"elementor-post-date\">\n\t\t\t10 de mayo de 2026\t\t<\/span>\n\t\t\t\t<span class=\"elementor-post-avatar\">\n\t\t\tNo hay comentarios\t\t<\/span>\n\t\t\t\t<\/div>\n\t\t\t\t\t<\/div>\n\t\t<\/article>\n\t\t\t\t<article class=\"elementor-post elementor-grid-item post-3332 post type-post status-publish format-standard has-post-thumbnail hentry category-other\" role=\"listitem\">\n\t\t\t<div class=\"elementor-post__card\">\n\t\t\t\t<a class=\"elementor-post__thumbnail__link\" href=\"https:\/\/novacliniccare.com\/es\/2026\/04\/30\/sometimes-the-mirror-says-things-no-one-talks-about\/\" tabindex=\"-1\" ><div class=\"elementor-post__thumbnail\"><img decoding=\"async\" width=\"300\" height=\"186\" src=\"https:\/\/novacliniccare.com\/wp-content\/uploads\/2026\/04\/Blog-4-5-300x186.jpg\" class=\"attachment-medium size-medium wp-image-3337\" alt=\"\" srcset=\"https:\/\/novacliniccare.com\/wp-content\/uploads\/2026\/04\/Blog-4-5-300x186.jpg 300w, https:\/\/novacliniccare.com\/wp-content\/uploads\/2026\/04\/Blog-4-5-18x12.jpg 18w, https:\/\/novacliniccare.com\/wp-content\/uploads\/2026\/04\/Blog-4-5.jpg 580w\" sizes=\"(max-width: 300px) 100vw, 300px\" \/><\/div><\/a>\n\t\t\t\t<div class=\"elementor-post__badge\">Otros<\/div>\n\t\t\t\t<div class=\"elementor-post__text\">\n\t\t\t\t<h3 class=\"elementor-post__title\">\n\t\t\t<a href=\"https:\/\/novacliniccare.com\/es\/2026\/04\/30\/sometimes-the-mirror-says-things-no-one-talks-about\/\" >\n\t\t\t\tA veces el espejo dice cosas de las que nadie habla\t\t\t<\/a>\n\t\t<\/h3>\n\t\t\n\t\t<a class=\"elementor-post__read-more\" href=\"https:\/\/novacliniccare.com\/es\/2026\/04\/30\/sometimes-the-mirror-says-things-no-one-talks-about\/\" aria-label=\"Read more about Sometimes the mirror says things no one talks about\" tabindex=\"-1\" >\n\t\t\tLeer M\u00e1s \"\t\t<\/a>\n\n\t\t\t\t<\/div>\n\t\t\t\t<div class=\"elementor-post__meta-data\">\n\t\t\t\t\t<span class=\"elementor-post-date\">\n\t\t\t30 de abril de 2026\t\t<\/span>\n\t\t\t\t<span class=\"elementor-post-avatar\">\n\t\t\tNo hay comentarios\t\t<\/span>\n\t\t\t\t<\/div>\n\t\t\t\t\t<\/div>\n\t\t<\/article>\n\t\t\t\t<article class=\"elementor-post elementor-grid-item post-3328 post type-post status-publish format-standard has-post-thumbnail hentry category-other\" role=\"listitem\">\n\t\t\t<div class=\"elementor-post__card\">\n\t\t\t\t<a class=\"elementor-post__thumbnail__link\" href=\"https:\/\/novacliniccare.com\/es\/2026\/04\/23\/self-esteem-also-shows-on-your-face\/\" tabindex=\"-1\" ><div class=\"elementor-post__thumbnail\"><img decoding=\"async\" width=\"300\" height=\"186\" src=\"https:\/\/novacliniccare.com\/wp-content\/uploads\/2026\/04\/Blog-3-1-300x186.jpg\" class=\"attachment-medium size-medium wp-image-3329\" alt=\"\" srcset=\"https:\/\/novacliniccare.com\/wp-content\/uploads\/2026\/04\/Blog-3-1-300x186.jpg 300w, https:\/\/novacliniccare.com\/wp-content\/uploads\/2026\/04\/Blog-3-1-18x12.jpg 18w, https:\/\/novacliniccare.com\/wp-content\/uploads\/2026\/04\/Blog-3-1.jpg 580w\" sizes=\"(max-width: 300px) 100vw, 300px\" \/><\/div><\/a>\n\t\t\t\t<div class=\"elementor-post__badge\">Otros<\/div>\n\t\t\t\t<div class=\"elementor-post__text\">\n\t\t\t\t<h3 class=\"elementor-post__title\">\n\t\t\t<a href=\"https:\/\/novacliniccare.com\/es\/2026\/04\/23\/self-esteem-also-shows-on-your-face\/\" >\n\t\t\t\tLa autoestima tambi\u00e9n se nota en la cara\t\t\t<\/a>\n\t\t<\/h3>\n\t\t\n\t\t<a class=\"elementor-post__read-more\" href=\"https:\/\/novacliniccare.com\/es\/2026\/04\/23\/self-esteem-also-shows-on-your-face\/\" aria-label=\"Read more about Self-esteem also shows on your face\" tabindex=\"-1\" >\n\t\t\tLeer M\u00e1s \"\t\t<\/a>\n\n\t\t\t\t<\/div>\n\t\t\t\t<div class=\"elementor-post__meta-data\">\n\t\t\t\t\t<span class=\"elementor-post-date\">\n\t\t\t23 de abril de 2026\t\t<\/span>\n\t\t\t\t<span class=\"elementor-post-avatar\">\n\t\t\tNo hay comentarios\t\t<\/span>\n\t\t\t\t<\/div>\n\t\t\t\t\t<\/div>\n\t\t<\/article>\n\t\t\t\t<article class=\"elementor-post elementor-grid-item post-3322 post type-post status-publish format-standard has-post-thumbnail hentry category-other\" role=\"listitem\">\n\t\t\t<div class=\"elementor-post__card\">\n\t\t\t\t<a class=\"elementor-post__thumbnail__link\" href=\"https:\/\/novacliniccare.com\/es\/2026\/04\/16\/%f0%9f%92%ad-stress-doesnt-always-show-but-your-body-feels-it-and-this-is-how-its-talking-to-you\/\" tabindex=\"-1\" ><div class=\"elementor-post__thumbnail\"><img loading=\"lazy\" decoding=\"async\" width=\"300\" height=\"186\" src=\"https:\/\/novacliniccare.com\/wp-content\/uploads\/2026\/04\/Blog-2-1-1-300x186.jpg\" class=\"attachment-medium size-medium wp-image-3323\" alt=\"\" srcset=\"https:\/\/novacliniccare.com\/wp-content\/uploads\/2026\/04\/Blog-2-1-1-300x186.jpg 300w, https:\/\/novacliniccare.com\/wp-content\/uploads\/2026\/04\/Blog-2-1-1-18x12.jpg 18w, https:\/\/novacliniccare.com\/wp-content\/uploads\/2026\/04\/Blog-2-1-1.jpg 580w\" sizes=\"(max-width: 300px) 100vw, 300px\" \/><\/div><\/a>\n\t\t\t\t<div class=\"elementor-post__badge\">Otros<\/div>\n\t\t\t\t<div class=\"elementor-post__text\">\n\t\t\t\t<h3 class=\"elementor-post__title\">\n\t\t\t<a href=\"https:\/\/novacliniccare.com\/es\/2026\/04\/16\/%f0%9f%92%ad-stress-doesnt-always-show-but-your-body-feels-it-and-this-is-how-its-talking-to-you\/\" >\n\t\t\t\t\ud83d\udcad El estr\u00e9s no siempre se nota... pero tu cuerpo lo siente y as\u00ed te est\u00e1 hablando\t\t\t<\/a>\n\t\t<\/h3>\n\t\t\n\t\t<a class=\"elementor-post__read-more\" href=\"https:\/\/novacliniccare.com\/es\/2026\/04\/16\/%f0%9f%92%ad-stress-doesnt-always-show-but-your-body-feels-it-and-this-is-how-its-talking-to-you\/\" aria-label=\"Read more about \ud83d\udcad Stress Doesn\u2019t Always Show\u2026 But Your Body Feels It And This Is How It\u2019s Talking to You\" tabindex=\"-1\" >\n\t\t\tLeer M\u00e1s \"\t\t<\/a>\n\n\t\t\t\t<\/div>\n\t\t\t\t<div class=\"elementor-post__meta-data\">\n\t\t\t\t\t<span class=\"elementor-post-date\">\n\t\t\t16 de abril de 2026\t\t<\/span>\n\t\t\t\t<span class=\"elementor-post-avatar\">\n\t\t\tNo hay comentarios\t\t<\/span>\n\t\t\t\t<\/div>\n\t\t\t\t\t<\/div>\n\t\t<\/article>\n\t\t\t\t<\/div>\n\t\t\n\t\t\t\t\t\t<\/div>\n\t\t\t\t<\/div>\n\t\t\t\t<div class=\"elementor-element elementor-element-337b5c0 elementor-hidden-tablet elementor-hidden-mobile elementor-widget elementor-widget-pp-tiled-posts\" data-id=\"337b5c0\" data-element_type=\"widget\" data-widget_type=\"pp-tiled-posts.default\">\n\t\t\t\t<div class=\"elementor-widget-container\">\n\t\t\t\t\t\t\t<div class=\"pp-tiled-posts pp-tiled-posts-layout-1 clearfix\">\n\t\t\t<div class=\"pp-tiles-posts-left\">\t\t<div class=\"pp-tiled-post pp-tiled-post-1 pp-tiled-post-featured\">\n\t\t\t<div class=\"pp-tiled-post-bg pp-media-background\" style=\"background-image:url(https:\/\/novacliniccare.com\/wp-content\/uploads\/2026\/05\/Blog-1-1.jpg)\">\n\t\t\t\t<a class=\"pp-post-link\" href=\"https:\/\/novacliniccare.com\/es\/2026\/05\/10\/what-type-of-mom-is-yours-and-what-would-truly-make-her-feel-good-%f0%9f%92%9a\/\" title=\"Qu\u00e9 tipo de mam\u00e1 es la tuya... y qu\u00e9 la har\u00eda sentir bien de verdad? \ud83d\udc9a\"><\/a>\n\t\t\t<\/div>\n\t\t\t<div class=\"pp-tiled-post-content pp-tiled-post-content-bottom\">\n\t\t\t\t\t\t\t\t\t\t\t\t\t\t\t<div class=\"pp-post-categories pp-post-categories-style-2\">\n\t\t\t\t\t\t\t<span>\n\t\t\t\t\t\t\t\tSin categor\u00eda\t\t\t\t\t\t\t<\/span>\n\t\t\t\t\t\t<\/div>\n\t\t\t\t\t\t\t\t\t\n\t\t\t\t\t\t\t\t\t\t\t\t\t\t<header>\n\t\t\t\t\t\t<h1 class=\"pp-tiled-post-title\">\n\t\t\t\t\t\t\tQu\u00e9 tipo de mam\u00e1 es la tuya... y qu\u00e9 la har\u00eda sentir bien de verdad? \ud83d\udc9a\t\t\t\t\t\t<\/h1>\n\t\t\t\t\t<\/header>\n\t\t\t\t\n\t\t\t\t\t\t\t\t\t<div class=\"pp-tiled-posts-meta\">\n\t\t\t\t\t\t\t\t\t\t\t\t\t<span class=\"pp-post-author\">\n\t\t\t\t\t\t\t\tMiguel Rodr\u00edguez\t\t\t\t\t\t\t<\/span>\n\t\t\t\t\t\t\t\t\t\t\t\t\t\t\t\t\t\t\t<span class=\"pp-post-date\"><span class=\"screen-reader-text\">Publicado el <\/span>10 de mayo de 2026<\/span>\t\t\t\t\t\t\t\t\t\t\t<\/div>\n\t\t\t\t\n\t\t\t\t\n\t\t\t\t\t\t\t<\/div>\n\t\t<\/div>\n\t\t<\/div><div class=\"pp-tiles-posts-right\">\t\t<div class=\"pp-tiled-post pp-tiled-post-2 pp-tiled-post-large\">\n\t\t\t<div class=\"pp-tiled-post-bg pp-media-background\" style=\"background-image:url(https:\/\/novacliniccare.com\/wp-content\/uploads\/2026\/04\/Blog-4-5.jpg)\">\n\t\t\t\t<a class=\"pp-post-link\" href=\"https:\/\/novacliniccare.com\/es\/2026\/04\/30\/sometimes-the-mirror-says-things-no-one-talks-about\/\" title=\"A veces el espejo dice cosas de las que nadie habla\"><\/a>\n\t\t\t<\/div>\n\t\t\t<div class=\"pp-tiled-post-content pp-tiled-post-content-bottom\">\n\t\t\t\t\t\t\t\t\t\t\t\t\t\t\t<div class=\"pp-post-categories pp-post-categories-style-2\">\n\t\t\t\t\t\t\t<span>\n\t\t\t\t\t\t\t\tOtros\t\t\t\t\t\t\t<\/span>\n\t\t\t\t\t\t<\/div>\n\t\t\t\t\t\t\t\t\t\n\t\t\t\t\t\t\t\t\t\t\t\t\t\t<header>\n\t\t\t\t\t\t<h1 class=\"pp-tiled-post-title\">\n\t\t\t\t\t\t\tA veces el espejo dice cosas de las que nadie habla\t\t\t\t\t\t<\/h1>\n\t\t\t\t\t<\/header>\n\t\t\t\t\n\t\t\t\t\t\t\t\t\t<div class=\"pp-tiled-posts-meta\">\n\t\t\t\t\t\t\t\t\t\t\t\t\t<span class=\"pp-post-author\">\n\t\t\t\t\t\t\t\tMiguel Rodr\u00edguez\t\t\t\t\t\t\t<\/span>\n\t\t\t\t\t\t\t\t\t\t\t\t\t\t\t\t\t\t\t<span class=\"pp-post-date\"><span class=\"screen-reader-text\">Publicado el <\/span>30 de abril de 2026<\/span>\t\t\t\t\t\t\t\t\t\t\t<\/div>\n\t\t\t\t\n\t\t\t\t\n\t\t\t\t\t\t\t<\/div>\n\t\t<\/div>\n\t\t\t\t<div class=\"pp-tiled-post pp-tiled-post-3 pp-tiled-post-medium\">\n\t\t\t<div class=\"pp-tiled-post-bg pp-media-background\" style=\"background-image:url(https:\/\/novacliniccare.com\/wp-content\/uploads\/2026\/04\/Blog-3-1.jpg)\">\n\t\t\t\t<a class=\"pp-post-link\" href=\"https:\/\/novacliniccare.com\/es\/2026\/04\/23\/self-esteem-also-shows-on-your-face\/\" title=\"La autoestima tambi\u00e9n se nota en la cara\"><\/a>\n\t\t\t<\/div>\n\t\t\t<div class=\"pp-tiled-post-content pp-tiled-post-content-bottom\">\n\t\t\t\t\t\t\t\t\t\t\t\t\t\t\t<div class=\"pp-post-categories pp-post-categories-style-2\">\n\t\t\t\t\t\t\t<span>\n\t\t\t\t\t\t\t\tOtros\t\t\t\t\t\t\t<\/span>\n\t\t\t\t\t\t<\/div>\n\t\t\t\t\t\t\t\t\t\n\t\t\t\t\t\t\t\t\t\t\t\t\t\t<header>\n\t\t\t\t\t\t<h1 class=\"pp-tiled-post-title\">\n\t\t\t\t\t\t\tLa autoestima tambi\u00e9n se nota en la cara\t\t\t\t\t\t<\/h1>\n\t\t\t\t\t<\/header>\n\t\t\t\t\n\t\t\t\t\t\t\t\t\t<div class=\"pp-tiled-posts-meta\">\n\t\t\t\t\t\t\t\t\t\t\t\t\t<span class=\"pp-post-author\">\n\t\t\t\t\t\t\t\tMiguel Rodr\u00edguez\t\t\t\t\t\t\t<\/span>\n\t\t\t\t\t\t\t\t\t\t\t\t\t\t\t\t\t\t\t<span class=\"pp-post-date\"><span class=\"screen-reader-text\">Publicado el <\/span>23 de abril de 2026<\/span>\t\t\t\t\t\t\t\t\t\t\t<\/div>\n\t\t\t\t\n\t\t\t\t\n\t\t\t\t\t\t\t<\/div>\n\t\t<\/div>\n\t\t\t\t<div class=\"pp-tiled-post pp-tiled-post-4 pp-tiled-post-medium\">\n\t\t\t<div class=\"pp-tiled-post-bg pp-media-background\" style=\"background-image:url(https:\/\/novacliniccare.com\/wp-content\/uploads\/2026\/04\/Blog-2-1-1.jpg)\">\n\t\t\t\t<a class=\"pp-post-link\" href=\"https:\/\/novacliniccare.com\/es\/2026\/04\/16\/%f0%9f%92%ad-stress-doesnt-always-show-but-your-body-feels-it-and-this-is-how-its-talking-to-you\/\" title=\"\ud83d\udcad El estr\u00e9s no siempre se nota... pero tu cuerpo lo siente y as\u00ed te est\u00e1 hablando\"><\/a>\n\t\t\t<\/div>\n\t\t\t<div class=\"pp-tiled-post-content pp-tiled-post-content-bottom\">\n\t\t\t\t\t\t\t\t\t\t\t\t\t\t\t<div class=\"pp-post-categories pp-post-categories-style-2\">\n\t\t\t\t\t\t\t<span>\n\t\t\t\t\t\t\t\tOtros\t\t\t\t\t\t\t<\/span>\n\t\t\t\t\t\t<\/div>\n\t\t\t\t\t\t\t\t\t\n\t\t\t\t\t\t\t\t\t\t\t\t\t\t<header>\n\t\t\t\t\t\t<h1 class=\"pp-tiled-post-title\">\n\t\t\t\t\t\t\t\ud83d\udcad El estr\u00e9s no siempre se nota... pero tu cuerpo lo siente y as\u00ed te est\u00e1 hablando\t\t\t\t\t\t<\/h1>\n\t\t\t\t\t<\/header>\n\t\t\t\t\n\t\t\t\t\t\t\t\t\t<div class=\"pp-tiled-posts-meta\">\n\t\t\t\t\t\t\t\t\t\t\t\t\t<span class=\"pp-post-author\">\n\t\t\t\t\t\t\t\tMiguel Rodr\u00edguez\t\t\t\t\t\t\t<\/span>\n\t\t\t\t\t\t\t\t\t\t\t\t\t\t\t\t\t\t\t<span class=\"pp-post-date\"><span class=\"screen-reader-text\">Publicado el <\/span>16 de abril de 2026<\/span>\t\t\t\t\t\t\t\t\t\t\t<\/div>\n\t\t\t\t\n\t\t\t\t\n\t\t\t\t\t\t\t<\/div>\n\t\t<\/div>\n\t\t<\/div><div class=\"pp-tiled-post-group pp-tiled-post-col-2\">\t\t<div class=\"pp-tiled-post pp-tiled-post-5 pp-tiled-post-medium\">\n\t\t\t<div class=\"pp-tiled-post-bg pp-media-background\" style=\"background-image:url(https:\/\/novacliniccare.com\/wp-content\/uploads\/2026\/03\/Blog-1-1.jpg)\">\n\t\t\t\t<a class=\"pp-post-link\" href=\"https:\/\/novacliniccare.com\/es\/2026\/04\/09\/%f0%9f%92%84-its-not-more-volume-its-proportion-what-no-one-explains-before-lip-filler\/\" title=\"\ud83d\udc84 No es m\u00e1s volumen... es proporci\u00f3n: Lo que nadie explica antes del relleno de labios\"><\/a>\n\t\t\t<\/div>\n\t\t\t<div class=\"pp-tiled-post-content pp-tiled-post-content-bottom\">\n\t\t\t\t\t\t\t\t\t\t\t\t\t\t\t<div class=\"pp-post-categories pp-post-categories-style-2\">\n\t\t\t\t\t\t\t<span>\n\t\t\t\t\t\t\t\tOtros\t\t\t\t\t\t\t<\/span>\n\t\t\t\t\t\t<\/div>\n\t\t\t\t\t\t\t\t\t\n\t\t\t\t\t\t\t\t\t\t\t\t\t\t<header>\n\t\t\t\t\t\t<h1 class=\"pp-tiled-post-title\">\n\t\t\t\t\t\t\t\ud83d\udc84 No es m\u00e1s volumen... es proporci\u00f3n: Lo que nadie explica antes del relleno de labios\t\t\t\t\t\t<\/h1>\n\t\t\t\t\t<\/header>\n\t\t\t\t\n\t\t\t\t\t\t\t\t\t<div class=\"pp-tiled-posts-meta\">\n\t\t\t\t\t\t\t\t\t\t\t\t\t<span class=\"pp-post-author\">\n\t\t\t\t\t\t\t\tMiguel Rodr\u00edguez\t\t\t\t\t\t\t<\/span>\n\t\t\t\t\t\t\t\t\t\t\t\t\t\t\t\t\t\t\t<span class=\"pp-post-date\"><span class=\"screen-reader-text\">Publicado el <\/span>9 de abril de 2026<\/span>\t\t\t\t\t\t\t\t\t\t\t<\/div>\n\t\t\t\t\n\t\t\t\t\n\t\t\t\t\t\t\t<\/div>\n\t\t<\/div>\n\t\t\t\t<div class=\"pp-tiled-post pp-tiled-post-6 pp-tiled-post-medium\">\n\t\t\t<div class=\"pp-tiled-post-bg pp-media-background\" style=\"background-image:url(https:\/\/novacliniccare.com\/wp-content\/uploads\/2026\/03\/Blog-4-1.png)\">\n\t\t\t\t<a class=\"pp-post-link\" href=\"https:\/\/novacliniccare.com\/es\/2026\/03\/26\/taking-care-of-yourself-shouldnt-depend-on-a-plan\/\" title=\"Cuidarse no debe depender de un plan\"><\/a>\n\t\t\t<\/div>\n\t\t\t<div class=\"pp-tiled-post-content pp-tiled-post-content-bottom\">\n\t\t\t\t\t\t\t\t\t\t\t\t\t\t\t<div class=\"pp-post-categories pp-post-categories-style-2\">\n\t\t\t\t\t\t\t<span>\n\t\t\t\t\t\t\t\tOtros\t\t\t\t\t\t\t<\/span>\n\t\t\t\t\t\t<\/div>\n\t\t\t\t\t\t\t\t\t\n\t\t\t\t\t\t\t\t\t\t\t\t\t\t<header>\n\t\t\t\t\t\t<h1 class=\"pp-tiled-post-title\">\n\t\t\t\t\t\t\tCuidarse no debe depender de un plan\t\t\t\t\t\t<\/h1>\n\t\t\t\t\t<\/header>\n\t\t\t\t\n\t\t\t\t\t\t\t\t\t<div class=\"pp-tiled-posts-meta\">\n\t\t\t\t\t\t\t\t\t\t\t\t\t<span class=\"pp-post-author\">\n\t\t\t\t\t\t\t\tMiguel Rodr\u00edguez\t\t\t\t\t\t\t<\/span>\n\t\t\t\t\t\t\t\t\t\t\t\t\t\t\t\t\t\t\t<span class=\"pp-post-date\"><span class=\"screen-reader-text\">Publicado el <\/span>26 de marzo de 2026<\/span>\t\t\t\t\t\t\t\t\t\t\t<\/div>\n\t\t\t\t\n\t\t\t\t\n\t\t\t\t\t\t\t<\/div>\n\t\t<\/div>\n\t\t\t\t<div class=\"pp-tiled-post pp-tiled-post-7 pp-tiled-post-medium\">\n\t\t\t<div class=\"pp-tiled-post-bg pp-media-background\" style=\"background-image:url(https:\/\/novacliniccare.com\/wp-content\/uploads\/2026\/03\/Blog-3-1.png)\">\n\t\t\t\t<a class=\"pp-post-link\" href=\"https:\/\/novacliniccare.com\/es\/2026\/03\/19\/its-not-a-trend-if-science-supports-it\/\" title=\"No es una tendencia si la ciencia la respalda\"><\/a>\n\t\t\t<\/div>\n\t\t\t<div class=\"pp-tiled-post-content pp-tiled-post-content-bottom\">\n\t\t\t\t\t\t\t\t\t\t\t\t\t\t\t<div class=\"pp-post-categories pp-post-categories-style-2\">\n\t\t\t\t\t\t\t<span>\n\t\t\t\t\t\t\t\tOtros\t\t\t\t\t\t\t<\/span>\n\t\t\t\t\t\t<\/div>\n\t\t\t\t\t\t\t\t\t\n\t\t\t\t\t\t\t\t\t\t\t\t\t\t<header>\n\t\t\t\t\t\t<h1 class=\"pp-tiled-post-title\">\n\t\t\t\t\t\t\tNo es una tendencia si la ciencia la respalda\t\t\t\t\t\t<\/h1>\n\t\t\t\t\t<\/header>\n\t\t\t\t\n\t\t\t\t\t\t\t\t\t<div class=\"pp-tiled-posts-meta\">\n\t\t\t\t\t\t\t\t\t\t\t\t\t<span class=\"pp-post-author\">\n\t\t\t\t\t\t\t\tMiguel Rodr\u00edguez\t\t\t\t\t\t\t<\/span>\n\t\t\t\t\t\t\t\t\t\t\t\t\t\t\t\t\t\t\t<span class=\"pp-post-date\"><span class=\"screen-reader-text\">Publicado el <\/span>19 de marzo de 2026<\/span>\t\t\t\t\t\t\t\t\t\t\t<\/div>\n\t\t\t\t\n\t\t\t\t\n\t\t\t\t\t\t\t<\/div>\n\t\t<\/div>\n\t\t\t\t<div class=\"pp-tiled-post pp-tiled-post-8 pp-tiled-post-medium\">\n\t\t\t<div class=\"pp-tiled-post-bg pp-media-background\" style=\"background-image:url(https:\/\/novacliniccare.com\/wp-content\/uploads\/2026\/03\/Blog-2-1.png)\">\n\t\t\t\t<a class=\"pp-post-link\" href=\"https:\/\/novacliniccare.com\/es\/2026\/03\/12\/%f0%9f%a7%a0-its-not-just-fatigue-its-performance\/\" title=\"\ud83e\udde0 No es s\u00f3lo fatiga. Es el rendimiento.\"><\/a>\n\t\t\t<\/div>\n\t\t\t<div class=\"pp-tiled-post-content pp-tiled-post-content-bottom\">\n\t\t\t\t\t\t\t\t\t\t\t\t\t\t\t<div class=\"pp-post-categories pp-post-categories-style-2\">\n\t\t\t\t\t\t\t<span>\n\t\t\t\t\t\t\t\tOtros\t\t\t\t\t\t\t<\/span>\n\t\t\t\t\t\t<\/div>\n\t\t\t\t\t\t\t\t\t\n\t\t\t\t\t\t\t\t\t\t\t\t\t\t<header>\n\t\t\t\t\t\t<h1 class=\"pp-tiled-post-title\">\n\t\t\t\t\t\t\t\ud83e\udde0 No es s\u00f3lo fatiga. Es el rendimiento.\t\t\t\t\t\t<\/h1>\n\t\t\t\t\t<\/header>\n\t\t\t\t\n\t\t\t\t\t\t\t\t\t<div class=\"pp-tiled-posts-meta\">\n\t\t\t\t\t\t\t\t\t\t\t\t\t<span class=\"pp-post-author\">\n\t\t\t\t\t\t\t\tMiguel Rodr\u00edguez\t\t\t\t\t\t\t<\/span>\n\t\t\t\t\t\t\t\t\t\t\t\t\t\t\t\t\t\t\t<span class=\"pp-post-date\"><span class=\"screen-reader-text\">Publicado el <\/span>12 de marzo de 2026<\/span>\t\t\t\t\t\t\t\t\t\t\t<\/div>\n\t\t\t\t\n\t\t\t\t\n\t\t\t\t\t\t\t<\/div>\n\t\t<\/div>\n\t\t<\/div>\t\t<\/div>\n\t\t\t\t\t\t<\/div>\n\t\t\t\t<\/div>\n\t\t\t\t\t<\/div>\n\t\t\t\t<\/div>\n\t\t\t\t<\/div>","protected":false},"excerpt":{"rendered":"<p>Noticias Servicios adicionales M\u00e1s que gen\u00e9tica: C\u00f3mo prevenir las varices si tu madre las tuvo Miguel Rodr\u00edguez Posted on mayo 24, 2025 Microcambios cosm\u00e9ticos,<\/p>","protected":false},"author":2,"featured_media":0,"parent":0,"menu_order":0,"comment_status":"closed","ping_status":"closed","template":"","meta":{"content-type":"","_joinchat":[],"footnotes":""},"class_list":["post-539","page","type-page","status-publish","hentry"],"_links":{"self":[{"href":"https:\/\/novacliniccare.com\/es\/wp-json\/wp\/v2\/pages\/539","targetHints":{"allow":["GET"]}}],"collection":[{"href":"https:\/\/novacliniccare.com\/es\/wp-json\/wp\/v2\/pages"}],"about":[{"href":"https:\/\/novacliniccare.com\/es\/wp-json\/wp\/v2\/types\/page"}],"author":[{"embeddable":true,"href":"https:\/\/novacliniccare.com\/es\/wp-json\/wp\/v2\/users\/2"}],"replies":[{"embeddable":true,"href":"https:\/\/novacliniccare.com\/es\/wp-json\/wp\/v2\/comments?post=539"}],"version-history":[{"count":88,"href":"https:\/\/novacliniccare.com\/es\/wp-json\/wp\/v2\/pages\/539\/revisions"}],"predecessor-version":[{"id":2997,"href":"https:\/\/novacliniccare.com\/es\/wp-json\/wp\/v2\/pages\/539\/revisions\/2997"}],"wp:attachment":[{"href":"https:\/\/novacliniccare.com\/es\/wp-json\/wp\/v2\/media?parent=539"}],"curies":[{"name":"wp","href":"https:\/\/api.w.org\/{rel}","templated":true}]}}